{"id":8129,"date":"2020-03-30T09:58:48","date_gmt":"2020-03-30T07:58:48","guid":{"rendered":"https:\/\/proyecto.entrepyr.eu\/?page_id=8129"},"modified":"2021-08-05T09:14:31","modified_gmt":"2021-08-05T07:14:31","slug":"informacion","status":"publish","type":"page","link":"https:\/\/proyecto.entrepyr.eu\/fr\/informacion\/","title":{"rendered":"ENTREPYR &#8211; II"},"content":{"rendered":"<p><\/p>\n<h2>Utilisation des nouvelles technologies dans les refuges de montagne des Pyr\u00e9n\u00e9es &#8211; II<\/h2>\n<p>ENTREPYR-II est la continuation et l&rsquo;extension, en termes de territoire, de partenaires et d&rsquo;actions, du premier projet transfrontalier ENTREPYR qui a r\u00e9uni plusieurs refuges de montagne dans les Pyr\u00e9n\u00e9es.<\/p>\n<p>Son principal objectif est d&rsquo;ouvrir la porte \u00e0 une collaboration transfrontali\u00e8re permanente et de fournir \u00e0 tous les refuges des Pyr\u00e9n\u00e9es (pr\u00e8s d&rsquo;une centaine) des outils de promotion internationale gr\u00e2ce \u00e0 la cr\u00e9ation d&rsquo;un nouveau produit touristique pyr\u00e9n\u00e9en, avec lequel ils pourront se faire conna\u00eetre aupr\u00e8s d&rsquo;un public international auquel ils n&rsquo;ont actuellement pas acc\u00e8s.<\/p>\n<p>Outre ce nouveau site web, ENTREPYR-II am\u00e9liorera la durabilit\u00e9 environnementale et cr\u00e9era deux espaces de travail communs pour les entreprises et les organisations li\u00e9es aux refuges : une association transfrontali\u00e8re et un observatoire des refuges pyr\u00e9n\u00e9ens.<\/p>\n<p>Tous ces \u00e9l\u00e9ments de collaboration et d&rsquo;internationalisation des entreprises li\u00e9es aux refuges de montagne ne se limitent pas \u00e0 la dur\u00e9e du projet, comme l&rsquo;a d\u00e9j\u00e0 d\u00e9montr\u00e9 le premier ENTREPYR, car il s&rsquo;agit d&rsquo;engagements de continuit\u00e9 directement li\u00e9s \u00e0 la gestion des refuges eux-m\u00eames.<\/p>","protected":false},"excerpt":{"rendered":"<p>Utilisation des nouvelles technologies dans les refuges de montagne des Pyr\u00e9n\u00e9es &#8211; II ENTREPYR-II est la continuation et l&rsquo;extension, en termes de territoire, de partenaires et d&rsquo;actions, du premier projet transfrontalier ENTREPYR qui a r\u00e9uni plusieurs refuges de montagne dans les Pyr\u00e9n\u00e9es. Son principal objectif&#8230;<\/p>\n","protected":false},"author":1,"featured_media":0,"parent":0,"menu_order":0,"comment_status":"closed","ping_status":"closed","template":"","meta":[],"_links":{"self":[{"href":"https:\/\/proyecto.entrepyr.eu\/fr\/wp-json\/wp\/v2\/pages\/8129"}],"collection":[{"href":"https:\/\/proyecto.entrepyr.eu\/fr\/wp-json\/wp\/v2\/pages"}],"about":[{"href":"https:\/\/proyecto.entrepyr.eu\/fr\/wp-json\/wp\/v2\/types\/page"}],"author":[{"embeddable":true,"href":"https:\/\/proyecto.entrepyr.eu\/fr\/wp-json\/wp\/v2\/users\/1"}],"replies":[{"embeddable":true,"href":"https:\/\/proyecto.entrepyr.eu\/fr\/wp-json\/wp\/v2\/comments?post=8129"}],"version-history":[{"count":5,"href":"https:\/\/proyecto.entrepyr.eu\/fr\/wp-json\/wp\/v2\/pages\/8129\/revisions"}],"predecessor-version":[{"id":8487,"href":"https:\/\/proyecto.entrepyr.eu\/fr\/wp-json\/wp\/v2\/pages\/8129\/revisions\/8487"}],"wp:attachment":[{"href":"https:\/\/proyecto.entrepyr.eu\/fr\/wp-json\/wp\/v2\/media?parent=8129"}],"curies":[{"name":"wp","href":"https:\/\/api.w.org\/{rel}","templated":true}]}}