{"id":8133,"date":"2020-03-30T09:59:46","date_gmt":"2020-03-30T09:59:46","guid":{"rendered":"https:\/\/proyecto.entrepyr.eu\/?page_id=8133"},"modified":"2021-05-19T11:40:02","modified_gmt":"2021-05-19T09:40:02","slug":"asociacion-transfronteriza","status":"publish","type":"page","link":"https:\/\/proyecto.entrepyr.eu\/fr\/asociacion-transfronteriza\/","title":{"rendered":"Association Transfrontali\u00e8re"},"content":{"rendered":"<p>Cr\u00e9ation d&rsquo;une association transfrontali\u00e8re de g\u00e9rants de cabanes pyr\u00e9n\u00e9ennes. L&rsquo;objectif principal de cet organe sera de maintenir un travail et une politique communs et coordonn\u00e9s entre l&rsquo;Espagne, la France et Andorre dans la gestion et la promotion des abris. Il g\u00e9rera le site www.entrepyr.eu, et sera en charge de faire vivre l&rsquo;Observatoire socio-\u00e9conomique et toutes les actions et initiatives g\u00e9n\u00e9r\u00e9es par le projet ENTREPYR-II.<\/p>","protected":false},"excerpt":{"rendered":"<p>Cr\u00e9ation d&rsquo;une association transfrontali\u00e8re de g\u00e9rants de cabanes pyr\u00e9n\u00e9ennes. L&rsquo;objectif principal de cet organe sera de maintenir un travail et une politique communs et coordonn\u00e9s entre l&rsquo;Espagne, la France et Andorre dans la gestion et la promotion des abris. Il g\u00e9rera le site www.entrepyr.eu, et&#8230;<\/p>\n","protected":false},"author":1,"featured_media":0,"parent":0,"menu_order":0,"comment_status":"closed","ping_status":"closed","template":"","meta":[],"_links":{"self":[{"href":"https:\/\/proyecto.entrepyr.eu\/fr\/wp-json\/wp\/v2\/pages\/8133"}],"collection":[{"href":"https:\/\/proyecto.entrepyr.eu\/fr\/wp-json\/wp\/v2\/pages"}],"about":[{"href":"https:\/\/proyecto.entrepyr.eu\/fr\/wp-json\/wp\/v2\/types\/page"}],"author":[{"embeddable":true,"href":"https:\/\/proyecto.entrepyr.eu\/fr\/wp-json\/wp\/v2\/users\/1"}],"replies":[{"embeddable":true,"href":"https:\/\/proyecto.entrepyr.eu\/fr\/wp-json\/wp\/v2\/comments?post=8133"}],"version-history":[{"count":4,"href":"https:\/\/proyecto.entrepyr.eu\/fr\/wp-json\/wp\/v2\/pages\/8133\/revisions"}],"predecessor-version":[{"id":8482,"href":"https:\/\/proyecto.entrepyr.eu\/fr\/wp-json\/wp\/v2\/pages\/8133\/revisions\/8482"}],"wp:attachment":[{"href":"https:\/\/proyecto.entrepyr.eu\/fr\/wp-json\/wp\/v2\/media?parent=8133"}],"curies":[{"name":"wp","href":"https:\/\/api.w.org\/{rel}","templated":true}]}}