{"id":8135,"date":"2020-03-30T10:00:01","date_gmt":"2020-03-30T10:00:01","guid":{"rendered":"https:\/\/proyecto.entrepyr.eu\/?page_id=8135"},"modified":"2021-05-19T11:38:21","modified_gmt":"2021-05-19T09:38:21","slug":"gestion-ambiental","status":"publish","type":"page","link":"https:\/\/proyecto.entrepyr.eu\/fr\/gestion-ambiental\/","title":{"rendered":"Gestion de l&rsquo;environnement"},"content":{"rendered":"<p>Pour renforcer l&rsquo;offre de g\u00eetes et leur projection internationale, il est essentiel que les g\u00eetes, situ\u00e9s dans des lieux uniques, soient le plus respectueux possible de l&rsquo;environnement.<\/p>\r\n<ul>\r\n<li>Etude de situation<br \/>Analyse de la situation du traitement de l&rsquo;eau et des eaux us\u00e9es dans les refuges pyr\u00e9n\u00e9ens, ainsi que des syst\u00e8mes existants les plus appropri\u00e9s et durables \u00e0 appliquer dans ce type d&rsquo;installations isol\u00e9es de haute montagne.<\/li>\r\n<li>Exp\u00e9riences pilotes dans les refuges<br \/>Diverses actions et investissements mat\u00e9riels \u00e0 r\u00e9aliser dans les abris en application des r\u00e9sultats obtenus dans l&rsquo;\u00e9tude de situation, y compris la mise en place de diff\u00e9rentes toilettes s\u00e8ches et d&rsquo;autres actions exp\u00e9rimentales.<br \/>Un retour d&rsquo;exp\u00e9riences est pr\u00e9vu pour \u00eatre formalis\u00e9 et partag\u00e9 entre les participants au projet et les autres gestionnaires d&rsquo;abris.<\/li>\r\n<li>Sensibilisation<br \/>Actions de sensibilisation sur l&rsquo;utilisation et la gestion de l&rsquo;eau et la valeur environnementale des abris.<\/li>\r\n<\/ul>","protected":false},"excerpt":{"rendered":"<p>Pour renforcer l&rsquo;offre de g\u00eetes et leur projection internationale, il est essentiel que les g\u00eetes, situ\u00e9s dans des lieux uniques, soient le plus respectueux possible de l&rsquo;environnement. Etude de situationAnalyse de la situation du traitement de l&rsquo;eau et des eaux us\u00e9es dans les refuges pyr\u00e9n\u00e9ens,&#8230;<\/p>\n","protected":false},"author":1,"featured_media":0,"parent":0,"menu_order":0,"comment_status":"closed","ping_status":"closed","template":"","meta":[],"_links":{"self":[{"href":"https:\/\/proyecto.entrepyr.eu\/fr\/wp-json\/wp\/v2\/pages\/8135"}],"collection":[{"href":"https:\/\/proyecto.entrepyr.eu\/fr\/wp-json\/wp\/v2\/pages"}],"about":[{"href":"https:\/\/proyecto.entrepyr.eu\/fr\/wp-json\/wp\/v2\/types\/page"}],"author":[{"embeddable":true,"href":"https:\/\/proyecto.entrepyr.eu\/fr\/wp-json\/wp\/v2\/users\/1"}],"replies":[{"embeddable":true,"href":"https:\/\/proyecto.entrepyr.eu\/fr\/wp-json\/wp\/v2\/comments?post=8135"}],"version-history":[{"count":3,"href":"https:\/\/proyecto.entrepyr.eu\/fr\/wp-json\/wp\/v2\/pages\/8135\/revisions"}],"predecessor-version":[{"id":8481,"href":"https:\/\/proyecto.entrepyr.eu\/fr\/wp-json\/wp\/v2\/pages\/8135\/revisions\/8481"}],"wp:attachment":[{"href":"https:\/\/proyecto.entrepyr.eu\/fr\/wp-json\/wp\/v2\/media?parent=8135"}],"curies":[{"name":"wp","href":"https:\/\/api.w.org\/{rel}","templated":true}]}}