{"id":8153,"date":"2020-04-01T09:11:16","date_gmt":"2020-04-01T07:11:16","guid":{"rendered":"https:\/\/proyecto.entrepyr.eu\/?page_id=8153"},"modified":"2021-08-05T09:18:44","modified_gmt":"2021-08-05T07:18:44","slug":"observatorio","status":"publish","type":"page","link":"https:\/\/proyecto.entrepyr.eu\/fr\/observatorio\/","title":{"rendered":"Observatoire"},"content":{"rendered":"<p>Nous avons mis en place un Observatoire socio-\u00e9conomique transfrontalier sur les Refuges des Pyr\u00e9n\u00e9es, afin de r\u00e9aliser une analyse et une \u00e9tude du profil de leurs utilisateurs, obtenant ainsi des informations pr\u00e9cieuses sur le type de client\u00e8le et l&rsquo;impact \u00e9conomique des refuges sur le territoire o\u00f9 ils se trouvent.<\/p>","protected":false},"excerpt":{"rendered":"<p>Nous avons mis en place un Observatoire socio-\u00e9conomique transfrontalier sur les Refuges des Pyr\u00e9n\u00e9es, afin de r\u00e9aliser une analyse et une \u00e9tude du profil de leurs utilisateurs, obtenant ainsi des informations pr\u00e9cieuses sur le type de client\u00e8le et l&rsquo;impact \u00e9conomique des refuges sur le territoire&#8230;<\/p>\n","protected":false},"author":1,"featured_media":0,"parent":0,"menu_order":0,"comment_status":"closed","ping_status":"closed","template":"","meta":[],"_links":{"self":[{"href":"https:\/\/proyecto.entrepyr.eu\/fr\/wp-json\/wp\/v2\/pages\/8153"}],"collection":[{"href":"https:\/\/proyecto.entrepyr.eu\/fr\/wp-json\/wp\/v2\/pages"}],"about":[{"href":"https:\/\/proyecto.entrepyr.eu\/fr\/wp-json\/wp\/v2\/types\/page"}],"author":[{"embeddable":true,"href":"https:\/\/proyecto.entrepyr.eu\/fr\/wp-json\/wp\/v2\/users\/1"}],"replies":[{"embeddable":true,"href":"https:\/\/proyecto.entrepyr.eu\/fr\/wp-json\/wp\/v2\/comments?post=8153"}],"version-history":[{"count":8,"href":"https:\/\/proyecto.entrepyr.eu\/fr\/wp-json\/wp\/v2\/pages\/8153\/revisions"}],"predecessor-version":[{"id":8489,"href":"https:\/\/proyecto.entrepyr.eu\/fr\/wp-json\/wp\/v2\/pages\/8153\/revisions\/8489"}],"wp:attachment":[{"href":"https:\/\/proyecto.entrepyr.eu\/fr\/wp-json\/wp\/v2\/media?parent=8153"}],"curies":[{"name":"wp","href":"https:\/\/api.w.org\/{rel}","templated":true}]}}